{"id":2498,"date":"2024-10-06T18:09:26","date_gmt":"2024-10-06T18:09:26","guid":{"rendered":"https:\/\/mixdetox.com\/?post_type=product&#038;p=2498"},"modified":"2024-10-06T18:46:44","modified_gmt":"2024-10-06T18:46:44","slug":"daily-greens-11-bitki-iceren-20-guenluek-oeguen-tozu-vegan-momordica","status":"publish","type":"product","link":"https:\/\/mixdetox.com\/tr\/product\/daily-greens-11-bitki-iceren-20-guenluek-oeguen-tozu-vegan-momordica\/","title":{"rendered":"Daily Greens &#8211; 11 Bitki \u0130\u00e7eren 20 G\u00fcnl\u00fck \u00d6\u011f\u00fcn Tozu Vegan-Momordica"},"content":{"rendered":"<p>Daily Greens &#8211; 11 Bitki \u0130\u00e7eren 20 G\u00fcnl\u00fck \u00d6\u011f\u00fcn Tozu Vegan<br \/>\n\u00dcr\u00fcn A\u00e7\u0131klamas\u0131<br \/>\n\u0130\u00e7indekiler: Spirulina Ekstrakt\u0131, Ye\u015fil \u00c7ay, Maydanoz Tozu, Biberiye, Ayva Yapra\u011f\u0131 Tozu, Limon Ekstrakt\u0131, Rezene, A\u00e7l\u0131k Otu, Papatya, Anason, Ki\u015fni\u015f, Maltodekstrin, Stevia, Do\u011fal Kay\u0131s\u0131 Aromas\u0131, Ye\u015fil Elma Aromas\u0131.<\/p>\n<p>Miktar: 8gr x 20 sa\u015fe<\/p>\n<p>Kullan\u0131m \u00d6nerisi: Bir fincan suya bir tatl\u0131 ka\u015f\u0131\u011f\u0131 eklenip, 2-3 dakika demlendikten sonra t\u00fcketilir. \u0130ste\u011fe ba\u011fl\u0131 olarak yo\u011furt veya meyve suyu ile kullan\u0131labilir.<\/p>","protected":false},"excerpt":{"rendered":"<p>\u00dcr\u00fcn A\u00e7\u0131klamas\u0131<br \/>\n\u0130\u00e7indekiler: Spirulina Ekstrakt\u0131, Ye\u015fil \u00c7ay, Maydanoz Tozu, Biberiye, Ayva Yapra\u011f\u0131 Tozu, Limon Ekstrakt\u0131, Rezene, A\u00e7l\u0131k Otu, Papatya, Anason, Ki\u015fni\u015f, Maltodekstrin, Stevia, Do\u011fal Kay\u0131s\u0131 Aromas\u0131, Ye\u015fil Elma Aromas\u0131.<\/p>\n<p>Miktar: 8gr x 20 sa\u015fe<\/p>\n<p>Kullan\u0131m \u00d6nerisi: Bir fincan suya bir tatl\u0131 ka\u015f\u0131\u011f\u0131 eklenip, 2-3 dakika demlendikten sonra t\u00fcketilir. \u0130ste\u011fe ba\u011fl\u0131 olarak yo\u011furt veya meyve suyu ile kullan\u0131labilir.<\/p>","protected":false},"featured_media":2499,"comment_status":"closed","ping_status":"closed","template":"","meta":[],"product_brand":[],"product_cat":[220,224,225,203,15],"product_tag":[],"class_list":{"0":"post-2498","1":"product","2":"type-product","3":"status-publish","4":"has-post-thumbnail","6":"product_cat-bestseller","7":"product_cat-detox-mix","8":"product_cat-momordica","9":"product_cat-narcissaa","10":"product_cat-uncategorized","12":"first","13":"instock","14":"shipping-taxable","15":"purchasable","16":"product-type-simple"},"aioseo_notices":[],"_links":{"self":[{"href":"https:\/\/mixdetox.com\/tr\/wp-json\/wp\/v2\/product\/2498","targetHints":{"allow":["GET"]}}],"collection":[{"href":"https:\/\/mixdetox.com\/tr\/wp-json\/wp\/v2\/product"}],"about":[{"href":"https:\/\/mixdetox.com\/tr\/wp-json\/wp\/v2\/types\/product"}],"replies":[{"embeddable":true,"href":"https:\/\/mixdetox.com\/tr\/wp-json\/wp\/v2\/comments?post=2498"}],"wp:featuredmedia":[{"embeddable":true,"href":"https:\/\/mixdetox.com\/tr\/wp-json\/wp\/v2\/media\/2499"}],"wp:attachment":[{"href":"https:\/\/mixdetox.com\/tr\/wp-json\/wp\/v2\/media?parent=2498"}],"wp:term":[{"taxonomy":"product_brand","embeddable":true,"href":"https:\/\/mixdetox.com\/tr\/wp-json\/wp\/v2\/product_brand?post=2498"},{"taxonomy":"product_cat","embeddable":true,"href":"https:\/\/mixdetox.com\/tr\/wp-json\/wp\/v2\/product_cat?post=2498"},{"taxonomy":"product_tag","embeddable":true,"href":"https:\/\/mixdetox.com\/tr\/wp-json\/wp\/v2\/product_tag?post=2498"}],"curies":[{"name":"wp","href":"https:\/\/api.w.org\/{rel}","templated":true}]}}