{"id":2494,"date":"2024-10-06T17:43:30","date_gmt":"2024-10-06T17:43:30","guid":{"rendered":"https:\/\/mixdetox.com\/?post_type=product&#038;p=2494"},"modified":"2024-10-06T18:48:08","modified_gmt":"2024-10-06T18:48:08","slug":"bromelain-mix-momordica-detox-mix-1995-euro","status":"publish","type":"product","link":"https:\/\/mixdetox.com\/tr\/product\/bromelain-mix-momordica-detox-mix-1995-euro\/","title":{"rendered":"Bromelain Mix Momordica detox mix 19,95 euro"},"content":{"rendered":"<p>Momordixa Bromelain Mix 19,95 euro<\/p>","protected":false},"excerpt":{"rendered":"<p>\u00dcr\u00fcn A\u00e7\u0131klamas\u0131<br \/>\n\u0130\u00e7indekiler:  Bromelain, Koenzim Q10, L-Karnitin, \u00c7inko, B2 Vitamini, B6 Vitamini<\/p>\n<p>Miktar: 250 ml (Konsantre)<\/p>\n<p>Kullan\u0131m \u00d6nerisi: 1 bardak su veya sodaya 1 yemek ka\u015f\u0131\u011f\u0131 Bromelain Mix ilave ederek kar\u0131\u015ft\u0131r\u0131n. Direk t\u00fcketebilirsiniz, buz ilave edebilirsiniz.<\/p>\n<p>Gluten, Renklendirici, Glikoz \u0130\u00e7ermez.<\/p>","protected":false},"featured_media":2495,"comment_status":"closed","ping_status":"closed","template":"","meta":[],"product_brand":[],"product_cat":[220,225,203,222,15],"product_tag":[],"class_list":{"0":"post-2494","1":"product","2":"type-product","3":"status-publish","4":"has-post-thumbnail","6":"product_cat-bestseller","7":"product_cat-momordica","8":"product_cat-narcissaa","9":"product_cat-oezlex-tea","10":"product_cat-uncategorized","12":"first","13":"instock","14":"shipping-taxable","15":"purchasable","16":"product-type-simple"},"aioseo_notices":[],"_links":{"self":[{"href":"https:\/\/mixdetox.com\/tr\/wp-json\/wp\/v2\/product\/2494","targetHints":{"allow":["GET"]}}],"collection":[{"href":"https:\/\/mixdetox.com\/tr\/wp-json\/wp\/v2\/product"}],"about":[{"href":"https:\/\/mixdetox.com\/tr\/wp-json\/wp\/v2\/types\/product"}],"replies":[{"embeddable":true,"href":"https:\/\/mixdetox.com\/tr\/wp-json\/wp\/v2\/comments?post=2494"}],"wp:featuredmedia":[{"embeddable":true,"href":"https:\/\/mixdetox.com\/tr\/wp-json\/wp\/v2\/media\/2495"}],"wp:attachment":[{"href":"https:\/\/mixdetox.com\/tr\/wp-json\/wp\/v2\/media?parent=2494"}],"wp:term":[{"taxonomy":"product_brand","embeddable":true,"href":"https:\/\/mixdetox.com\/tr\/wp-json\/wp\/v2\/product_brand?post=2494"},{"taxonomy":"product_cat","embeddable":true,"href":"https:\/\/mixdetox.com\/tr\/wp-json\/wp\/v2\/product_cat?post=2494"},{"taxonomy":"product_tag","embeddable":true,"href":"https:\/\/mixdetox.com\/tr\/wp-json\/wp\/v2\/product_tag?post=2494"}],"curies":[{"name":"wp","href":"https:\/\/api.w.org\/{rel}","templated":true}]}}