{"id":2453,"date":"2024-06-01T22:36:22","date_gmt":"2024-06-01T22:36:22","guid":{"rendered":"https:\/\/mixdetox.com\/?post_type=product&#038;p=2453"},"modified":"2024-10-06T17:53:00","modified_gmt":"2024-10-06T17:53:00","slug":"momordica-detox-mix","status":"publish","type":"product","link":"https:\/\/mixdetox.com\/tr\/product\/momordica-detox-mix\/","title":{"rendered":"DetoxMix &#8211; 250ml Momordica Detox Mix 19,95 euro"},"content":{"rendered":"<p>Detox mix momordica 19,95 euro<br \/>\nDetoxMix &#8211; 250ml<\/p>","protected":false},"excerpt":{"rendered":"<p>Momordica Detox mix 19,95 euro<br \/>\nAr\u0131nman\u0131n en keyifli yolu, 17 bitkiden olu\u015fan DetoxMix ile tan\u0131\u015f\u0131n! Katk\u0131 Maddesi, koruyucu i\u00e7ermez. Do\u011fal fermentasyon ile \u00fcretilir.<\/p>\n<p>\u0130\u00e7indekiler: Ye\u015fil Elma Sirkesi, Sandaloz Sak\u0131z\u0131, Kay\u0131s\u0131 Pulpu, Kaya Tuzu, Biberiye, \u015eahtere, Avokado Yapra\u011f\u0131, Kinoa Tohumu, Karn\u0131yar\u0131k Otu, Turun\u00e7 Kabu\u011fu, Ye\u015fil Elma Kabu\u011fu, Anason, Funda, Kitre, Ham Bal, Limon, Rezene<\/p>\n<p>Miktar: 250ml<\/p>","protected":false},"featured_media":2468,"comment_status":"closed","ping_status":"closed","template":"","meta":[],"product_brand":[],"product_cat":[220,224,225,15],"product_tag":[],"class_list":{"0":"post-2453","1":"product","2":"type-product","3":"status-publish","4":"has-post-thumbnail","6":"product_cat-bestseller","7":"product_cat-detox-mix","8":"product_cat-momordica","9":"product_cat-uncategorized","11":"first","12":"instock","13":"shipping-taxable","14":"purchasable","15":"product-type-simple"},"aioseo_notices":[],"_links":{"self":[{"href":"https:\/\/mixdetox.com\/tr\/wp-json\/wp\/v2\/product\/2453","targetHints":{"allow":["GET"]}}],"collection":[{"href":"https:\/\/mixdetox.com\/tr\/wp-json\/wp\/v2\/product"}],"about":[{"href":"https:\/\/mixdetox.com\/tr\/wp-json\/wp\/v2\/types\/product"}],"replies":[{"embeddable":true,"href":"https:\/\/mixdetox.com\/tr\/wp-json\/wp\/v2\/comments?post=2453"}],"wp:featuredmedia":[{"embeddable":true,"href":"https:\/\/mixdetox.com\/tr\/wp-json\/wp\/v2\/media\/2468"}],"wp:attachment":[{"href":"https:\/\/mixdetox.com\/tr\/wp-json\/wp\/v2\/media?parent=2453"}],"wp:term":[{"taxonomy":"product_brand","embeddable":true,"href":"https:\/\/mixdetox.com\/tr\/wp-json\/wp\/v2\/product_brand?post=2453"},{"taxonomy":"product_cat","embeddable":true,"href":"https:\/\/mixdetox.com\/tr\/wp-json\/wp\/v2\/product_cat?post=2453"},{"taxonomy":"product_tag","embeddable":true,"href":"https:\/\/mixdetox.com\/tr\/wp-json\/wp\/v2\/product_tag?post=2453"}],"curies":[{"name":"wp","href":"https:\/\/api.w.org\/{rel}","templated":true}]}}