{"id":2332,"date":"2024-05-08T17:25:34","date_gmt":"2024-05-08T17:25:34","guid":{"rendered":"https:\/\/mixdetox.com\/?post_type=product&#038;p=2332"},"modified":"2026-02-23T13:45:15","modified_gmt":"2026-02-23T13:45:15","slug":"meri-detox-tee","status":"publish","type":"product","link":"https:\/\/mixdetox.com\/tr\/product\/meri-detox-tee\/","title":{"rendered":"Meri Detox-Tee -Aktion-Sale 29,95 Euro"},"content":{"rendered":"<p>Meri Detox Tea, do\u011fal bitkilerle haz\u0131rlanan \u00f6zel form\u00fcl\u00fc sayesinde \u015fi\u015fkinli\u011fi azaltmaya, metabolizmay\u0131 desteklemeye ve g\u00fcn boyu hafif hissetmeye yard\u0131mc\u0131 olur. Do\u011fal, ferah ve etkili detoks deneyimi arayanlar i\u00e7in idealdir.<\/p>","protected":false},"excerpt":{"rendered":"<p>Meri Detox Tea, do\u011fal bitkilerle haz\u0131rlanan \u00f6zel form\u00fcl\u00fc sayesinde \u015fi\u015fkinli\u011fi azaltmaya, metabolizmay\u0131 desteklemeye ve g\u00fcn boyu hafif hissetmeye yard\u0131mc\u0131 olur. Do\u011fal, ferah ve etkili detoks deneyimi arayanlar i\u00e7in idealdir.<\/p>","protected":false},"featured_media":2101,"comment_status":"closed","ping_status":"closed","template":"","meta":[],"product_brand":[],"product_cat":[220,218],"product_tag":[],"class_list":{"0":"post-2332","1":"product","2":"type-product","3":"status-publish","4":"has-post-thumbnail","6":"product_cat-bestseller","7":"product_cat-meri-detox","9":"first","10":"instock","11":"shipping-taxable","12":"purchasable","13":"product-type-simple"},"aioseo_notices":[],"_links":{"self":[{"href":"https:\/\/mixdetox.com\/tr\/wp-json\/wp\/v2\/product\/2332","targetHints":{"allow":["GET"]}}],"collection":[{"href":"https:\/\/mixdetox.com\/tr\/wp-json\/wp\/v2\/product"}],"about":[{"href":"https:\/\/mixdetox.com\/tr\/wp-json\/wp\/v2\/types\/product"}],"replies":[{"embeddable":true,"href":"https:\/\/mixdetox.com\/tr\/wp-json\/wp\/v2\/comments?post=2332"}],"wp:featuredmedia":[{"embeddable":true,"href":"https:\/\/mixdetox.com\/tr\/wp-json\/wp\/v2\/media\/2101"}],"wp:attachment":[{"href":"https:\/\/mixdetox.com\/tr\/wp-json\/wp\/v2\/media?parent=2332"}],"wp:term":[{"taxonomy":"product_brand","embeddable":true,"href":"https:\/\/mixdetox.com\/tr\/wp-json\/wp\/v2\/product_brand?post=2332"},{"taxonomy":"product_cat","embeddable":true,"href":"https:\/\/mixdetox.com\/tr\/wp-json\/wp\/v2\/product_cat?post=2332"},{"taxonomy":"product_tag","embeddable":true,"href":"https:\/\/mixdetox.com\/tr\/wp-json\/wp\/v2\/product_tag?post=2332"}],"curies":[{"name":"wp","href":"https:\/\/api.w.org\/{rel}","templated":true}]}}