{"id":2290,"date":"2024-05-08T16:46:25","date_gmt":"2024-05-08T16:46:25","guid":{"rendered":"https:\/\/mixdetox.com\/?post_type=product&#038;p=2290"},"modified":"2026-04-26T15:56:50","modified_gmt":"2026-04-26T15:56:50","slug":"wiltlife-detox-tee","status":"publish","type":"product","link":"https:\/\/mixdetox.com\/tr\/product\/wiltlife-detox-tee\/","title":{"rendered":"Wiltlife-Detox-Tee-Aktion 29,95 euro"},"content":{"rendered":"<p>Detoxtea-Shop Wiltlife Detox &#8211; Tee Original 29,95 euro Wiltlife Detox Tea, do\u011fal bitki \u00f6zleri ve \u00f6zel form\u00fcl\u00fc sayesinde v\u00fccudun detoks s\u00fcrecini destekleyen, metabolizmay\u0131 h\u0131zland\u0131rmaya yard\u0131mc\u0131 olan bitkisel bir \u00e7ayd\u0131r. \u0130\u00e7eri\u011finde bulunan g\u00fc\u00e7l\u00fc antioksidanlar ve do\u011fal bile\u015fenler sayesinde hem kilo kontrol\u00fcne katk\u0131 sa\u011flar hem de genel ya\u015fam kalitesini art\u0131rmay\u0131 hedefler.<\/p>\n<p>\u00dcr\u00fcn \u00d6zellikleri<br \/>\nMetabolizmay\u0131 h\u0131zland\u0131rmaya yard\u0131mc\u0131 olur<br \/>\nYa\u011f yak\u0131m s\u00fcrecini destekler<br \/>\n\u00d6dem ve \u015fi\u015fkinli\u011fin azalt\u0131lmas\u0131na katk\u0131 sa\u011flar<br \/>\nV\u00fccuttaki toksinlerin at\u0131lmas\u0131na yard\u0131mc\u0131 olur<br \/>\nEnerji seviyesini art\u0131rmaya destek olur<\/p>","protected":false},"excerpt":{"rendered":"<p>Detoxtea-Shop Wiltlife Detox &#8211; Tee Original 29,95 euro Wiltlife Detox Tea, do\u011fal bitki \u00f6zleriyle haz\u0131rlanm\u0131\u015f \u00f6zel form\u00fcl\u00fc sayesinde metabolizmay\u0131 destekleyen ve v\u00fccuttaki toksinlerin at\u0131lmas\u0131na yard\u0131mc\u0131 olan bitkisel bir detoks \u00e7ay\u0131d\u0131r. D\u00fczenli kullan\u0131mda \u00f6demin azalt\u0131lmas\u0131na ve kilo kontrol\u00fcne katk\u0131 sa\u011flar.<\/p>","protected":false},"featured_media":2063,"comment_status":"closed","ping_status":"closed","template":"","meta":[],"product_brand":[],"product_cat":[197],"product_tag":[],"class_list":{"0":"post-2290","1":"product","2":"type-product","3":"status-publish","4":"has-post-thumbnail","6":"product_cat-wiltlife","8":"first","9":"instock","10":"sale","11":"shipping-taxable","12":"purchasable","13":"product-type-simple"},"aioseo_notices":[],"_links":{"self":[{"href":"https:\/\/mixdetox.com\/tr\/wp-json\/wp\/v2\/product\/2290","targetHints":{"allow":["GET"]}}],"collection":[{"href":"https:\/\/mixdetox.com\/tr\/wp-json\/wp\/v2\/product"}],"about":[{"href":"https:\/\/mixdetox.com\/tr\/wp-json\/wp\/v2\/types\/product"}],"replies":[{"embeddable":true,"href":"https:\/\/mixdetox.com\/tr\/wp-json\/wp\/v2\/comments?post=2290"}],"wp:featuredmedia":[{"embeddable":true,"href":"https:\/\/mixdetox.com\/tr\/wp-json\/wp\/v2\/media\/2063"}],"wp:attachment":[{"href":"https:\/\/mixdetox.com\/tr\/wp-json\/wp\/v2\/media?parent=2290"}],"wp:term":[{"taxonomy":"product_brand","embeddable":true,"href":"https:\/\/mixdetox.com\/tr\/wp-json\/wp\/v2\/product_brand?post=2290"},{"taxonomy":"product_cat","embeddable":true,"href":"https:\/\/mixdetox.com\/tr\/wp-json\/wp\/v2\/product_cat?post=2290"},{"taxonomy":"product_tag","embeddable":true,"href":"https:\/\/mixdetox.com\/tr\/wp-json\/wp\/v2\/product_tag?post=2290"}],"curies":[{"name":"wp","href":"https:\/\/api.w.org\/{rel}","templated":true}]}}